{"id":450,"date":"2025-03-25T14:07:38","date_gmt":"2025-03-25T14:07:38","guid":{"rendered":"https:\/\/riskilience.com\/?post_type=product&#038;p=450"},"modified":"2025-08-14T11:49:23","modified_gmt":"2025-08-14T11:49:23","slug":"documents-uniquement-iso-27001","status":"publish","type":"product","link":"https:\/\/riskilience.com\/fr\/produit\/documents-uniquement-iso-27001\/","title":{"rendered":"Documents Uniquement &#8211; ISO 27001"},"content":{"rendered":"<p>Ce pack inclut tous les documents essentiels pour la mise en place et la gestion d\u2019un Syst\u00e8me de<br \/>\nManagement de la S\u00e9curit\u00e9 de l\u2019Information (SMSI) conforme \u00e0 l\u2019ISO 27001:2022. Il contient des<br \/>\nmod\u00e8les pr\u00eats \u00e0 l\u2019emploi et personnalisables pour faciliter la documentation de votre SMSI.<br \/>\nFormat\u00a0: Word, Excel<br \/>\nContenu :<br \/>\n\u2705 Parties int\u00e9ress\u00e9es<br \/>\n\u2705 P\u00e9rim\u00e8tre.docx<br \/>\n\u2705 Plan de secours informatique<br \/>\n\u2705 Charte d&rsquo;utilisation acceptable des ressources IT<br \/>\n\u2705 D\u00e9claration d\u2019applicabilit\u00e9 (DdA)<br \/>\n\u2705 Op\u00e9rations et indicateurs SMSI<br \/>\n\u2705 Organisation et gouvernance SMSI<\/p>\n","protected":false},"excerpt":{"rendered":"<p class=\"text-gray-600 mb-8 text-lg leading-relaxed\" data-astro-cid-nayjwj7y=\"\">Ensemble complet de mod\u00e8les de documents essentiels pour la gestion, la communication et la documentation de votre organisation.<\/p>\n<div class=\"border border-emerald-200 rounded-lg mb-8 bg-white\/50\" data-astro-cid-nayjwj7y=\"\">\n<table class=\"w-full\" data-astro-cid-nayjwj7y=\"\">\n<tbody data-astro-cid-nayjwj7y=\"\">\n<tr class=\"border-b border-emerald-100 last:border-b-0\" data-astro-cid-nayjwj7y=\"\">\n<td class=\"py-3 px-4 font-semibold text-navy-900\" data-astro-cid-nayjwj7y=\"\">Contenu<\/td>\n<td class=\"py-3 px-4 text-gray-600\" data-astro-cid-nayjwj7y=\"\">Documents uniquement<\/td>\n<\/tr>\n<tr class=\"border-b border-emerald-100 last:border-b-0\" data-astro-cid-nayjwj7y=\"\">\n<td class=\"py-3 px-4 font-semibold text-navy-900\" data-astro-cid-nayjwj7y=\"\"><\/td>\n<td class=\"py-3 px-4 text-gray-600\" data-astro-cid-nayjwj7y=\"\"><\/td>\n<\/tr>\n<tr class=\"border-b border-emerald-100 last:border-b-0\" data-astro-cid-nayjwj7y=\"\">\n<td class=\"py-3 px-4 font-semibold text-navy-900\" data-astro-cid-nayjwj7y=\"\">Format<\/td>\n<td class=\"py-3 px-4 text-gray-600\" data-astro-cid-nayjwj7y=\"\">Fichiers num\u00e9riques<\/td>\n<\/tr>\n<tr class=\"border-b border-emerald-100 last:border-b-0\" data-astro-cid-nayjwj7y=\"\">\n<td class=\"py-3 px-4 font-semibold text-navy-900\" data-astro-cid-nayjwj7y=\"\">Support<\/td>\n<td class=\"py-3 px-4 text-gray-600\" data-astro-cid-nayjwj7y=\"\">Contactez-nous par Email<\/td>\n<\/tr>\n<\/tbody>\n<\/table>\n<\/div>\n","protected":false},"featured_media":451,"comment_status":"open","ping_status":"closed","template":"","meta":[],"product_brand":[],"product_cat":[20],"product_tag":[],"class_list":{"0":"post-450","1":"product","2":"type-product","3":"status-publish","4":"has-post-thumbnail","6":"product_cat-toolkit","8":"first","9":"instock","10":"downloadable","11":"virtual","12":"purchasable","13":"product-type-simple"},"_links":{"self":[{"href":"https:\/\/riskilience.com\/fr\/wp-json\/wp\/v2\/product\/450","targetHints":{"allow":["GET"]}}],"collection":[{"href":"https:\/\/riskilience.com\/fr\/wp-json\/wp\/v2\/product"}],"about":[{"href":"https:\/\/riskilience.com\/fr\/wp-json\/wp\/v2\/types\/product"}],"replies":[{"embeddable":true,"href":"https:\/\/riskilience.com\/fr\/wp-json\/wp\/v2\/comments?post=450"}],"wp:featuredmedia":[{"embeddable":true,"href":"https:\/\/riskilience.com\/fr\/wp-json\/wp\/v2\/media\/451"}],"wp:attachment":[{"href":"https:\/\/riskilience.com\/fr\/wp-json\/wp\/v2\/media?parent=450"}],"wp:term":[{"taxonomy":"product_brand","embeddable":true,"href":"https:\/\/riskilience.com\/fr\/wp-json\/wp\/v2\/product_brand?post=450"},{"taxonomy":"product_cat","embeddable":true,"href":"https:\/\/riskilience.com\/fr\/wp-json\/wp\/v2\/product_cat?post=450"},{"taxonomy":"product_tag","embeddable":true,"href":"https:\/\/riskilience.com\/fr\/wp-json\/wp\/v2\/product_tag?post=450"}],"curies":[{"name":"wp","href":"https:\/\/api.w.org\/{rel}","templated":true}]}}