{"id":452,"date":"2025-03-25T14:12:27","date_gmt":"2025-03-25T14:12:27","guid":{"rendered":"https:\/\/riskilience.com\/?post_type=product&#038;p=452"},"modified":"2025-08-14T11:47:13","modified_gmt":"2025-08-14T11:47:13","slug":"enregistrements-uniquement-iso-27001","status":"publish","type":"product","link":"https:\/\/riskilience.com\/fr\/produit\/enregistrements-uniquement-iso-27001\/","title":{"rendered":"Enregistrements Uniquement &#8211; ISO 27001"},"content":{"rendered":"<p>Un ensemble complet de registres et formulaires pour assurer la tra\u00e7abilit\u00e9 et la conformit\u00e9 des<br \/>\nprocessus SMSI. Ce pack est con\u00e7u pour faciliter l\u2019enregistrement des activit\u00e9s et d\u00e9montrer la<br \/>\nconformit\u00e9 lors des audits internes et externes.<br \/>\nFormat\u00a0: Excel<br \/>\nContenu :<br \/>\n\u2705 Checks de s\u00e9curit\u00e9 projet<br \/>\n\u2705 Plan de Secours Informatique<br \/>\n\u2705 Journal am\u00e9lioration s\u00e9curit\u00e9<br \/>\n\u2705 Outil de gestion des risques<br \/>\n\u2705 Plan de formation, de communication et de sensibilisation<br \/>\n\u2705 Rapports p\u00e9riodiques<\/p>\n","protected":false},"excerpt":{"rendered":"<p class=\"text-gray-600 mb-8 text-lg leading-relaxed\" data-astro-cid-nayjwj7y=\"\">Ensemble complet de mod\u00e8les d&rsquo;enregistrements pour suivre, documenter et analyser les activit\u00e9s et les r\u00e9sultats de votre organisation.<\/p>\n<div class=\"border border-emerald-200 rounded-lg mb-8 bg-white\/50\" data-astro-cid-nayjwj7y=\"\">\n<table class=\"w-full\" data-astro-cid-nayjwj7y=\"\">\n<tbody data-astro-cid-nayjwj7y=\"\">\n<tr class=\"border-b border-emerald-100 last:border-b-0\" data-astro-cid-nayjwj7y=\"\">\n<td class=\"py-3 px-4 font-semibold text-navy-900\" data-astro-cid-nayjwj7y=\"\">Contenu<\/td>\n<td class=\"py-3 px-4 text-gray-600\" data-astro-cid-nayjwj7y=\"\">Enregistrements uniquement<\/td>\n<\/tr>\n<tr class=\"border-b border-emerald-100 last:border-b-0\" data-astro-cid-nayjwj7y=\"\">\n<td class=\"py-3 px-4 font-semibold text-navy-900\" data-astro-cid-nayjwj7y=\"\">Certification<\/td>\n<td class=\"py-3 px-4 text-gray-600\" data-astro-cid-nayjwj7y=\"\">ISO 27001<\/td>\n<\/tr>\n<tr class=\"border-b border-emerald-100 last:border-b-0\" data-astro-cid-nayjwj7y=\"\">\n<td class=\"py-3 px-4 font-semibold text-navy-900\" data-astro-cid-nayjwj7y=\"\">Format<\/td>\n<td class=\"py-3 px-4 text-gray-600\" data-astro-cid-nayjwj7y=\"\">Fichiers num\u00e9riques<\/td>\n<\/tr>\n<tr class=\"border-b border-emerald-100 last:border-b-0\" data-astro-cid-nayjwj7y=\"\">\n<td class=\"py-3 px-4 font-semibold text-navy-900\" data-astro-cid-nayjwj7y=\"\">Support<\/td>\n<td class=\"py-3 px-4 text-gray-600\" data-astro-cid-nayjwj7y=\"\">Par Email post achat<\/td>\n<\/tr>\n<\/tbody>\n<\/table>\n<\/div>\n<p data-astro-cid-nayjwj7y=\"\">\n","protected":false},"featured_media":453,"comment_status":"open","ping_status":"closed","template":"","meta":[],"product_brand":[],"product_cat":[20],"product_tag":[],"class_list":{"0":"post-452","1":"product","2":"type-product","3":"status-publish","4":"has-post-thumbnail","6":"product_cat-toolkit","8":"first","9":"instock","10":"downloadable","11":"virtual","12":"purchasable","13":"product-type-simple"},"_links":{"self":[{"href":"https:\/\/riskilience.com\/fr\/wp-json\/wp\/v2\/product\/452","targetHints":{"allow":["GET"]}}],"collection":[{"href":"https:\/\/riskilience.com\/fr\/wp-json\/wp\/v2\/product"}],"about":[{"href":"https:\/\/riskilience.com\/fr\/wp-json\/wp\/v2\/types\/product"}],"replies":[{"embeddable":true,"href":"https:\/\/riskilience.com\/fr\/wp-json\/wp\/v2\/comments?post=452"}],"wp:featuredmedia":[{"embeddable":true,"href":"https:\/\/riskilience.com\/fr\/wp-json\/wp\/v2\/media\/453"}],"wp:attachment":[{"href":"https:\/\/riskilience.com\/fr\/wp-json\/wp\/v2\/media?parent=452"}],"wp:term":[{"taxonomy":"product_brand","embeddable":true,"href":"https:\/\/riskilience.com\/fr\/wp-json\/wp\/v2\/product_brand?post=452"},{"taxonomy":"product_cat","embeddable":true,"href":"https:\/\/riskilience.com\/fr\/wp-json\/wp\/v2\/product_cat?post=452"},{"taxonomy":"product_tag","embeddable":true,"href":"https:\/\/riskilience.com\/fr\/wp-json\/wp\/v2\/product_tag?post=452"}],"curies":[{"name":"wp","href":"https:\/\/api.w.org\/{rel}","templated":true}]}}