{"id":455,"date":"2025-03-25T14:12:58","date_gmt":"2025-03-25T14:12:58","guid":{"rendered":"https:\/\/riskilience.com\/?post_type=product&#038;p=455"},"modified":"2025-08-14T11:51:05","modified_gmt":"2025-08-14T11:51:05","slug":"pack-complet-iso-27001","status":"publish","type":"product","link":"https:\/\/riskilience.com\/fr\/produit\/pack-complet-iso-27001\/","title":{"rendered":"Pack Complet &#8211; ISO 27001"},"content":{"rendered":"<p>Le kit complet pour r\u00e9ussir l\u2019impl\u00e9mentation d\u2019un SMSI ISO 27001 :2022 ! Il regroupe 36 fichiers,<br \/>\ncontient tous les documents, registres, politiques et proc\u00e9dures n\u00e9cessaires pour \u00e9tablir, g\u00e9rer et<br \/>\nam\u00e9liorer votre SMSI, tout en garantissant la conformit\u00e9 aux exigences de l\u2019ISO 27001.<br \/>\nFormat\u00a0: Word, Excel.<br \/>\nCe que tu obtiens :<br \/>\n\u2705 TOUS les documents du pack Documents Uniquement<br \/>\n\u2705 TOUS les registres et formulaires du pack Enregistrements Uniquement<br \/>\n\u2705 TOUS les mod\u00e8les de politiques du pack Politiques Uniquement<br \/>\n\u2705 TOUS les guides et proc\u00e9dures du pack Proc\u00e9dures Uniquement<br \/>\nAvec ce package, tu \u00e9conomises du temps et assures une mise en conformit\u00e9 rapide et efficace de ton<br \/>\nSMSI.<\/p>\n","protected":false},"excerpt":{"rendered":"<p class=\"text-gray-600 mb-8 text-lg leading-relaxed\" data-astro-cid-nayjwj7y=\"\">Notre solution compl\u00e8te comprenant toutes les proc\u00e9dures, politiques, documents et enregistrements n\u00e9cessaires pour assurer la conformit\u00e9 totale de votre organisation.<\/p>\n<div class=\"border border-emerald-200 rounded-lg mb-8 bg-white\/50\" data-astro-cid-nayjwj7y=\"\">\n<table class=\"w-full\" data-astro-cid-nayjwj7y=\"\">\n<tbody data-astro-cid-nayjwj7y=\"\">\n<tr class=\"border-b border-emerald-100 last:border-b-0\" data-astro-cid-nayjwj7y=\"\">\n<td class=\"py-3 px-4 font-semibold text-navy-900\" data-astro-cid-nayjwj7y=\"\">Contenu<\/td>\n<td class=\"py-3 px-4 text-gray-600\" data-astro-cid-nayjwj7y=\"\">Pack Complet<\/td>\n<\/tr>\n<tr class=\"border-b border-emerald-100 last:border-b-0\" data-astro-cid-nayjwj7y=\"\">\n<td class=\"py-3 px-4 font-semibold text-navy-900\" data-astro-cid-nayjwj7y=\"\">Certification<\/td>\n<td class=\"py-3 px-4 text-gray-600\" data-astro-cid-nayjwj7y=\"\">ISO 27001<\/td>\n<\/tr>\n<tr class=\"border-b border-emerald-100 last:border-b-0\" data-astro-cid-nayjwj7y=\"\">\n<td class=\"py-3 px-4 font-semibold text-navy-900\" data-astro-cid-nayjwj7y=\"\">Format<\/td>\n<td class=\"py-3 px-4 text-gray-600\" data-astro-cid-nayjwj7y=\"\">Fichiers num\u00e9riques<\/td>\n<\/tr>\n<tr class=\"border-b border-emerald-100 last:border-b-0\" data-astro-cid-nayjwj7y=\"\">\n<td class=\"py-3 px-4 font-semibold text-navy-900\" data-astro-cid-nayjwj7y=\"\">Support<\/td>\n<td class=\"py-3 px-4 text-gray-600\" data-astro-cid-nayjwj7y=\"\">Par Email post achat<\/td>\n<\/tr>\n<\/tbody>\n<\/table>\n<\/div>\n<p data-astro-cid-nayjwj7y=\"\">\n","protected":false},"featured_media":456,"comment_status":"open","ping_status":"closed","template":"","meta":[],"product_brand":[],"product_cat":[20],"product_tag":[],"class_list":{"0":"post-455","1":"product","2":"type-product","3":"status-publish","4":"has-post-thumbnail","6":"product_cat-toolkit","8":"first","9":"instock","10":"downloadable","11":"virtual","12":"purchasable","13":"product-type-simple"},"_links":{"self":[{"href":"https:\/\/riskilience.com\/fr\/wp-json\/wp\/v2\/product\/455","targetHints":{"allow":["GET"]}}],"collection":[{"href":"https:\/\/riskilience.com\/fr\/wp-json\/wp\/v2\/product"}],"about":[{"href":"https:\/\/riskilience.com\/fr\/wp-json\/wp\/v2\/types\/product"}],"replies":[{"embeddable":true,"href":"https:\/\/riskilience.com\/fr\/wp-json\/wp\/v2\/comments?post=455"}],"wp:featuredmedia":[{"embeddable":true,"href":"https:\/\/riskilience.com\/fr\/wp-json\/wp\/v2\/media\/456"}],"wp:attachment":[{"href":"https:\/\/riskilience.com\/fr\/wp-json\/wp\/v2\/media?parent=455"}],"wp:term":[{"taxonomy":"product_brand","embeddable":true,"href":"https:\/\/riskilience.com\/fr\/wp-json\/wp\/v2\/product_brand?post=455"},{"taxonomy":"product_cat","embeddable":true,"href":"https:\/\/riskilience.com\/fr\/wp-json\/wp\/v2\/product_cat?post=455"},{"taxonomy":"product_tag","embeddable":true,"href":"https:\/\/riskilience.com\/fr\/wp-json\/wp\/v2\/product_tag?post=455"}],"curies":[{"name":"wp","href":"https:\/\/api.w.org\/{rel}","templated":true}]}}