{"id":457,"date":"2025-03-25T15:46:24","date_gmt":"2025-03-25T15:46:24","guid":{"rendered":"https:\/\/riskilience.com\/?post_type=product&#038;p=457"},"modified":"2025-08-14T11:48:13","modified_gmt":"2025-08-14T11:48:13","slug":"politiques-iso-27001","status":"publish","type":"product","link":"https:\/\/riskilience.com\/fr\/produit\/politiques-iso-27001\/","title":{"rendered":"Politiques Uniquement &#8211; ISO 27001"},"content":{"rendered":"<p>Un ensemble structur\u00e9 de politiques de s\u00e9curit\u00e9 de l\u2019information, r\u00e9dig\u00e9es conform\u00e9ment aux exigences<br \/>\nde l\u2019ISO 27001:2022. Elles permettent d\u2019\u00e9tablir un cadre clair et coh\u00e9rent pour la gestion de la s\u00e9curit\u00e9<br \/>\ndans ton organisation.<br \/>\nFormat\u00a0: Word.<br \/>\nContenu :<br \/>\n\u2705 Politique de s\u00e9curit\u00e9 de l&rsquo;information<br \/>\n\u2705 Politique de Contr\u00f4le d&rsquo;acc\u00e8s<br \/>\n\u2705 Politique de Gestion des Relations avec les Fournisseurs<br \/>\n\u2705 Politique de Gestion des vuln\u00e9rabilit\u00e9s<br \/>\n\u2705 Politique antivirale et Installation Anti-virus<br \/>\n\u2705 Politique de classification de l\u2019information<br \/>\n\u2705 Politique de cryptographie<br \/>\n\u2705 Politique de d\u00e9veloppement s\u00e9curis\u00e9<br \/>\n\u2705 Politique de sauvegarde<br \/>\n\u2705 Politique S\u00e9curit\u00e9 physique<br \/>\n\u2705 Politique d\u2019utilisation appareil mobile &amp; t\u00e9l\u00e9travail<br \/>\n\u2705 Politique de Journalisation &amp; Synchronisation des horloges<\/p>\n","protected":false},"excerpt":{"rendered":"<p class=\"text-gray-600 mb-8 text-lg leading-relaxed\" data-astro-cid-nayjwj7y=\"\">Ensemble complet de mod\u00e8les d\u2019enregistrements pour suivre, documenter et analyser les activit\u00e9s et les r\u00e9sultats de votre organisation.<\/p>\n<div class=\"border border-emerald-200 rounded-lg mb-8 bg-white\/50\" data-astro-cid-nayjwj7y=\"\">\n<table class=\"w-full\" data-astro-cid-nayjwj7y=\"\">\n<tbody data-astro-cid-nayjwj7y=\"\">\n<tr class=\"border-b border-emerald-100 last:border-b-0\" data-astro-cid-nayjwj7y=\"\">\n<td class=\"py-3 px-4 font-semibold text-navy-900\" data-astro-cid-nayjwj7y=\"\">Contenu<\/td>\n<td class=\"py-3 px-4 text-gray-600\" data-astro-cid-nayjwj7y=\"\">Politiques uniquement<\/td>\n<\/tr>\n<tr class=\"border-b border-emerald-100 last:border-b-0\" data-astro-cid-nayjwj7y=\"\">\n<td class=\"py-3 px-4 font-semibold text-navy-900\" data-astro-cid-nayjwj7y=\"\">Certification<\/td>\n<td class=\"py-3 px-4 text-gray-600\" data-astro-cid-nayjwj7y=\"\">ISO 27001<\/td>\n<\/tr>\n<tr class=\"border-b border-emerald-100 last:border-b-0\" data-astro-cid-nayjwj7y=\"\">\n<td class=\"py-3 px-4 font-semibold text-navy-900\" data-astro-cid-nayjwj7y=\"\">Format<\/td>\n<td class=\"py-3 px-4 text-gray-600\" data-astro-cid-nayjwj7y=\"\">Fichiers num\u00e9riques<\/td>\n<\/tr>\n<tr class=\"border-b border-emerald-100 last:border-b-0\" data-astro-cid-nayjwj7y=\"\">\n<td class=\"py-3 px-4 font-semibold text-navy-900\" data-astro-cid-nayjwj7y=\"\">Support<\/td>\n<td class=\"py-3 px-4 text-gray-600\" data-astro-cid-nayjwj7y=\"\">Par Email post achat<\/td>\n<\/tr>\n<\/tbody>\n<\/table>\n<\/div>\n<p data-astro-cid-nayjwj7y=\"\">\n","protected":false},"featured_media":458,"comment_status":"open","ping_status":"closed","template":"","meta":[],"product_brand":[],"product_cat":[20],"product_tag":[],"class_list":{"0":"post-457","1":"product","2":"type-product","3":"status-publish","4":"has-post-thumbnail","6":"product_cat-toolkit","8":"first","9":"instock","10":"downloadable","11":"virtual","12":"purchasable","13":"product-type-simple"},"_links":{"self":[{"href":"https:\/\/riskilience.com\/fr\/wp-json\/wp\/v2\/product\/457","targetHints":{"allow":["GET"]}}],"collection":[{"href":"https:\/\/riskilience.com\/fr\/wp-json\/wp\/v2\/product"}],"about":[{"href":"https:\/\/riskilience.com\/fr\/wp-json\/wp\/v2\/types\/product"}],"replies":[{"embeddable":true,"href":"https:\/\/riskilience.com\/fr\/wp-json\/wp\/v2\/comments?post=457"}],"wp:featuredmedia":[{"embeddable":true,"href":"https:\/\/riskilience.com\/fr\/wp-json\/wp\/v2\/media\/458"}],"wp:attachment":[{"href":"https:\/\/riskilience.com\/fr\/wp-json\/wp\/v2\/media?parent=457"}],"wp:term":[{"taxonomy":"product_brand","embeddable":true,"href":"https:\/\/riskilience.com\/fr\/wp-json\/wp\/v2\/product_brand?post=457"},{"taxonomy":"product_cat","embeddable":true,"href":"https:\/\/riskilience.com\/fr\/wp-json\/wp\/v2\/product_cat?post=457"},{"taxonomy":"product_tag","embeddable":true,"href":"https:\/\/riskilience.com\/fr\/wp-json\/wp\/v2\/product_tag?post=457"}],"curies":[{"name":"wp","href":"https:\/\/api.w.org\/{rel}","templated":true}]}}